{"id":378,"date":"2021-12-20T17:43:26","date_gmt":"2021-12-20T16:43:26","guid":{"rendered":"https:\/\/lmfv-ag.de\/?page_id=378"},"modified":"2021-12-27T11:47:26","modified_gmt":"2021-12-27T10:47:26","slug":"nachhaltigkeit","status":"publish","type":"page","link":"https:\/\/lmfv-ag.de\/?page_id=378","title":{"rendered":"Nachhaltigkeit"},"content":{"rendered":"\t\t<div data-elementor-type=\"wp-page\" data-elementor-id=\"378\" class=\"elementor elementor-378\" data-elementor-settings=\"[]\">\n\t\t\t\t\t\t\t<div class=\"elementor-section-wrap\">\n\t\t\t\t\t\t\t<section class=\"elementor-section elementor-top-section elementor-element elementor-element-80c0879 elementor-section-boxed elementor-section-height-default elementor-section-height-default\" data-id=\"80c0879\" data-element_type=\"section\">\n\t\t\t\t\t\t<div class=\"elementor-container elementor-column-gap-default\">\n\t\t\t\t\t<div class=\"elementor-column elementor-col-100 elementor-top-column elementor-element elementor-element-9480611\" data-id=\"9480611\" data-element_type=\"column\">\n\t\t\t<div class=\"elementor-widget-wrap elementor-element-populated\">\n\t\t\t\t\t\t\t\t<div class=\"elementor-element elementor-element-d5b01bd elementor-widget elementor-widget-heading\" data-id=\"d5b01bd\" data-element_type=\"widget\" data-widget_type=\"heading.default\">\n\t\t\t\t<div class=\"elementor-widget-container\">\n\t\t\t<style>\/*! elementor - v3.5.3 - 28-12-2021 *\/\n.elementor-heading-title{padding:0;margin:0;line-height:1}.elementor-widget-heading .elementor-heading-title[class*=elementor-size-]>a{color:inherit;font-size:inherit;line-height:inherit}.elementor-widget-heading .elementor-heading-title.elementor-size-small{font-size:15px}.elementor-widget-heading .elementor-heading-title.elementor-size-medium{font-size:19px}.elementor-widget-heading .elementor-heading-title.elementor-size-large{font-size:29px}.elementor-widget-heading .elementor-heading-title.elementor-size-xl{font-size:39px}.elementor-widget-heading .elementor-heading-title.elementor-size-xxl{font-size:59px}<\/style><h2 class=\"elementor-heading-title elementor-size-default\">Nachhaltigkeit<\/h2>\t\t<\/div>\n\t\t\t\t<\/div>\n\t\t\t\t\t<\/div>\n\t\t<\/div>\n\t\t\t\t\t\t\t<\/div>\n\t\t<\/section>\n\t\t\t\t<section class=\"elementor-section elementor-top-section elementor-element elementor-element-d34a796 elementor-section-boxed elementor-section-height-default elementor-section-height-default\" data-id=\"d34a796\" data-element_type=\"section\">\n\t\t\t\t\t\t<div class=\"elementor-container elementor-column-gap-default\">\n\t\t\t\t\t<div class=\"elementor-column elementor-col-50 elementor-top-column elementor-element elementor-element-fedd2a6\" data-id=\"fedd2a6\" data-element_type=\"column\">\n\t\t\t<div class=\"elementor-widget-wrap\">\n\t\t\t\t\t\t\t\t\t<\/div>\n\t\t<\/div>\n\t\t\t\t<div class=\"elementor-column elementor-col-50 elementor-top-column elementor-element elementor-element-78ae12a\" data-id=\"78ae12a\" data-element_type=\"column\">\n\t\t\t<div class=\"elementor-widget-wrap elementor-element-populated\">\n\t\t\t\t\t\t\t\t<div class=\"elementor-element elementor-element-e8161a5 elementor-widget elementor-widget-image\" data-id=\"e8161a5\" data-element_type=\"widget\" data-widget_type=\"image.default\">\n\t\t\t\t<div class=\"elementor-widget-container\">\n\t\t\t<style>\/*! elementor - v3.5.3 - 28-12-2021 *\/\n.elementor-widget-image{text-align:center}.elementor-widget-image a{display:inline-block}.elementor-widget-image a img[src$=\".svg\"]{width:48px}.elementor-widget-image img{vertical-align:middle;display:inline-block}<\/style>\t\t\t\t\t\t\t\t\t\t\t\t<img width=\"318\" height=\"120\" src=\"https:\/\/lmfv-ag.de\/wp-content\/uploads\/2021\/12\/Klimaschutz.png\" class=\"attachment-large size-large\" alt=\"\" loading=\"lazy\" srcset=\"https:\/\/lmfv-ag.de\/wp-content\/uploads\/2021\/12\/Klimaschutz.png 318w, https:\/\/lmfv-ag.de\/wp-content\/uploads\/2021\/12\/Klimaschutz-300x113.png 300w\" sizes=\"100vw\" \/>\t\t\t\t\t\t\t\t\t\t\t\t\t\t\t<\/div>\n\t\t\t\t<\/div>\n\t\t\t\t\t<\/div>\n\t\t<\/div>\n\t\t\t\t\t\t\t<\/div>\n\t\t<\/section>\n\t\t\t\t<section class=\"elementor-section elementor-top-section elementor-element elementor-element-affc70f elementor-section-boxed elementor-section-height-default elementor-section-height-default\" data-id=\"affc70f\" data-element_type=\"section\">\n\t\t\t\t\t\t<div class=\"elementor-container elementor-column-gap-default\">\n\t\t\t\t\t<div class=\"elementor-column elementor-col-50 elementor-top-column elementor-element elementor-element-0e34161\" data-id=\"0e34161\" data-element_type=\"column\">\n\t\t\t<div class=\"elementor-widget-wrap elementor-element-populated\">\n\t\t\t\t\t\t\t\t<div class=\"elementor-element elementor-element-eaa7214 elementor-widget elementor-widget-text-editor\" data-id=\"eaa7214\" data-element_type=\"widget\" data-widget_type=\"text-editor.default\">\n\t\t\t\t<div class=\"elementor-widget-container\">\n\t\t\t<style>\/*! elementor - v3.5.3 - 28-12-2021 *\/\n.elementor-widget-text-editor.elementor-drop-cap-view-stacked .elementor-drop-cap{background-color:#818a91;color:#fff}.elementor-widget-text-editor.elementor-drop-cap-view-framed .elementor-drop-cap{color:#818a91;border:3px solid;background-color:transparent}.elementor-widget-text-editor:not(.elementor-drop-cap-view-default) .elementor-drop-cap{margin-top:8px}.elementor-widget-text-editor:not(.elementor-drop-cap-view-default) .elementor-drop-cap-letter{width:1em;height:1em}.elementor-widget-text-editor .elementor-drop-cap{float:left;text-align:center;line-height:1;font-size:50px}.elementor-widget-text-editor .elementor-drop-cap-letter{display:inline-block}<\/style>\t\t\t\t<div>Motorsport&#8230;<\/div><div>\u00a0<\/div><div>\u00a0<\/div><div><p style=\"language: de; margin-top: 0pt; margin-bottom: 0pt; margin-left: .5in; text-align: left; direction: ltr; unicode-bidi: embed; mso-line-break-override: none; word-break: normal; punctuation-wrap: hanging;\"><span style=\"font-size: 12.0pt; font-family: arial; mso-ascii-font-family: arial; mso-fareast-font-family: +mn-ea; mso-bidi-font-family: +mn-cs; mso-fareast-theme-font: minor-fareast; mso-bidi-theme-font: minor-bidi; color: black; mso-font-kerning: 12.0pt; language: de; mso-style-textfill-type: solid; mso-style-textfill-fill-color: black; mso-style-textfill-fill-alpha: 100.0%;\">..ist ein <\/span><span style=\"font-size: 12.0pt; font-family: arial; mso-ascii-font-family: arial; mso-fareast-font-family: +mn-ea; mso-bidi-font-family: +mn-cs; mso-fareast-theme-font: minor-fareast; mso-bidi-theme-font: minor-bidi; color: black; mso-font-kerning: 12.0pt; language: de; font-weight: bold; mso-style-textfill-type: solid; mso-style-textfill-fill-color: black; mso-style-textfill-fill-alpha: 100.0%;\">sinnvolle Freizeitgestaltung <\/span><span style=\"font-size: 12.0pt; font-family: arial; mso-ascii-font-family: arial; mso-fareast-font-family: +mn-ea; mso-bidi-font-family: +mn-cs; mso-fareast-theme-font: minor-fareast; mso-bidi-theme-font: minor-bidi; color: black; mso-font-kerning: 12.0pt; language: de; mso-style-textfill-type: solid; mso-style-textfill-fill-color: black; mso-style-textfill-fill-alpha: 100.0%;\">f\u00fcr Aktive und Sportwarte<\/span><\/p><p style=\"language: de; margin-top: 0pt; margin-bottom: 0pt; margin-left: .5in; text-align: left; direction: ltr; unicode-bidi: embed; mso-line-break-override: none; word-break: normal; punctuation-wrap: hanging;\"><span style=\"font-size: 12.0pt; font-family: arial; mso-ascii-font-family: arial; mso-fareast-font-family: +mn-ea; mso-bidi-font-family: +mn-cs; mso-fareast-theme-font: minor-fareast; mso-bidi-theme-font: minor-bidi; color: black; mso-font-kerning: 12.0pt; language: de; mso-style-textfill-type: solid; mso-style-textfill-fill-color: black; mso-style-textfill-fill-alpha: 100.0%;\">..stellt die <\/span><span style=\"font-size: 12.0pt; font-family: arial; mso-ascii-font-family: arial; mso-fareast-font-family: +mn-ea; mso-bidi-font-family: +mn-cs; mso-fareast-theme-font: minor-fareast; mso-bidi-theme-font: minor-bidi; color: black; mso-font-kerning: 12.0pt; language: de; font-weight: bold; mso-style-textfill-type: solid; mso-style-textfill-fill-color: black; mso-style-textfill-fill-alpha: 100.0%;\">kontrollierte Aus\u00fcbung<\/span><span style=\"font-size: 12.0pt; font-family: arial; mso-ascii-font-family: arial; mso-fareast-font-family: +mn-ea; mso-bidi-font-family: +mn-cs; mso-fareast-theme-font: minor-fareast; mso-bidi-theme-font: minor-bidi; color: black; mso-font-kerning: 12.0pt; language: de; mso-style-textfill-type: solid; mso-style-textfill-fill-color: black; mso-style-textfill-fill-alpha: 100.0%;\"> von Renn- und Geschicklichkeits-Wettbewerben sicher<\/span><\/p><p style=\"language: de; margin-top: 0pt; margin-bottom: 0pt; margin-left: .5in; text-align: left; direction: ltr; unicode-bidi: embed; mso-line-break-override: none; word-break: normal; punctuation-wrap: hanging;\"><span style=\"font-size: 12.0pt; font-family: arial; mso-ascii-font-family: arial; mso-fareast-font-family: +mn-ea; mso-bidi-font-family: +mn-cs; mso-fareast-theme-font: minor-fareast; mso-bidi-theme-font: minor-bidi; color: black; mso-font-kerning: 12.0pt; language: de; mso-style-textfill-type: solid; mso-style-textfill-fill-color: black; mso-style-textfill-fill-alpha: 100.0%;\">..schafft und f\u00f6rdert <\/span><span style=\"font-size: 12.0pt; font-family: arial; mso-ascii-font-family: arial; mso-fareast-font-family: +mn-ea; mso-bidi-font-family: +mn-cs; mso-fareast-theme-font: minor-fareast; mso-bidi-theme-font: minor-bidi; color: black; mso-font-kerning: 12.0pt; language: de; font-weight: bold; mso-style-textfill-type: solid; mso-style-textfill-fill-color: black; mso-style-textfill-fill-alpha: 100.0%;\">soziale Kontakte<\/span><\/p><\/div>\t\t\t\t\t\t<\/div>\n\t\t\t\t<\/div>\n\t\t\t\t\t<\/div>\n\t\t<\/div>\n\t\t\t\t<div class=\"elementor-column elementor-col-50 elementor-top-column elementor-element elementor-element-dee27a3\" data-id=\"dee27a3\" data-element_type=\"column\">\n\t\t\t<div class=\"elementor-widget-wrap\">\n\t\t\t\t\t\t\t\t\t<\/div>\n\t\t<\/div>\n\t\t\t\t\t\t\t<\/div>\n\t\t<\/section>\n\t\t\t\t<section class=\"elementor-section elementor-top-section elementor-element elementor-element-f1bf680 elementor-section-stretched elementor-section-boxed elementor-section-height-default elementor-section-height-default\" data-id=\"f1bf680\" data-element_type=\"section\" data-settings=\"{&quot;stretch_section&quot;:&quot;section-stretched&quot;}\">\n\t\t\t\t\t\t<div class=\"elementor-container elementor-column-gap-default\">\n\t\t\t\t\t<div class=\"elementor-column elementor-col-100 elementor-top-column elementor-element elementor-element-5bb179b\" data-id=\"5bb179b\" data-element_type=\"column\">\n\t\t\t<div class=\"elementor-widget-wrap elementor-element-populated\">\n\t\t\t\t\t\t\t\t<div class=\"elementor-element elementor-element-8a5a107 elementor-widget elementor-widget-text-editor\" data-id=\"8a5a107\" data-element_type=\"widget\" data-widget_type=\"text-editor.default\">\n\t\t\t\t<div class=\"elementor-widget-container\">\n\t\t\t\t\t\t\t<p>Motorsport ist nicht klimaneutral \u2013 wie alle anderen Sportarten auch &#8211; aber wir arbeiten bereits seit Jahren an L\u00f6sungen und Ver\u00e4nderungen.<\/p><p><b>Mit dem Ziel: CO\u2082-Vermeidung, CO\u2082-Verringerung, CO\u2082-Kompensation<\/b><\/p><p>Es gibt in Deutschland in allen Motorsport-Verb\u00e4nden Ideen, Aktivit\u00e4ten und Programme zur Nachhaltigkeit f\u00fcr alle Disziplinen des Sports.<\/p><p>Hier einige Beispiele:<\/p><ul><li>Veranstaltungen \/ Klassen mit alternativen Antriebstechnologien (Elektro \/ Wasserstoff)<\/li><li>Alt\u00f6l- und Schadstoffsammelstellen<\/li><li>Fahrgemeinschaften zu Clubsportveranstaltung<\/li><li>Optimierung von Veranstaltungs-Kalendern: nahe gelegene Veranstaltungen zum gleichen Termin<\/li><li>Catering: Produkte aus \u00f6kologischer, lokaler und saisonaler Erzeugung<\/li><li>Catering: Verwendung von Mehrweggeschirr<\/li><li>Zuschauer Zubringer \u00d6PNV<\/li><li>Einsatz von digitalen Medien statt Papier<\/li><li>Virtualisierung von Sitzungen<\/li><\/ul><p><b>Wenn Sie hier mitarbeiten oder Ideen einbringen m\u00f6chten bitte Info an: <\/b><u><b><a href=\"mailto:ole.stark@slm-sachsen.de\">ole.stark@slm-sachsen.de<\/a><\/b><\/u><\/p><div>\u00a0<\/div>\t\t\t\t\t\t<\/div>\n\t\t\t\t<\/div>\n\t\t\t\t\t<\/div>\n\t\t<\/div>\n\t\t\t\t\t\t\t<\/div>\n\t\t<\/section>\n\t\t\t\t<section class=\"elementor-section elementor-top-section elementor-element elementor-element-a6cf3db elementor-section-boxed elementor-section-height-default elementor-section-height-default\" data-id=\"a6cf3db\" data-element_type=\"section\">\n\t\t\t\t\t\t<div class=\"elementor-container elementor-column-gap-default\">\n\t\t\t\t\t<div class=\"elementor-column elementor-col-100 elementor-top-column elementor-element elementor-element-0448af3\" data-id=\"0448af3\" data-element_type=\"column\">\n\t\t\t<div class=\"elementor-widget-wrap\">\n\t\t\t\t\t\t\t\t\t<\/div>\n\t\t<\/div>\n\t\t\t\t\t\t\t<\/div>\n\t\t<\/section>\n\t\t\t\t\t\t<\/div>\n\t\t\t\t\t<\/div>\n\t\t","protected":false},"excerpt":{"rendered":"<p>Nachhaltigkeit Motorsport&#8230;\u00a0\u00a0 ..ist ein sinnvolle Freizeitgestaltung f\u00fcr Aktive und Sportwarte ..stellt die kontrollierte Aus\u00fcbung von Renn- und Geschicklichkeits-Wettbewerben sicher ..schafft und f\u00f6rdert soziale Kontakte Motorsport ist nicht klimaneutral \u2013 wie alle anderen Sportarten auch &#8211; aber wir arbeiten bereits seit Jahren an L\u00f6sungen und Ver\u00e4nderungen. Mit dem Ziel: CO\u2082-Vermeidung, CO\u2082-Verringerung, CO\u2082-Kompensation Es gibt in Deutschland &hellip; <\/p>\n<p class=\"link-more\"><a href=\"https:\/\/lmfv-ag.de\/?page_id=378\" class=\"more-link\"><span class=\"screen-reader-text\">\u201eNachhaltigkeit\u201c<\/span> weiterlesen<\/a><\/p>\n","protected":false},"author":1,"featured_media":0,"parent":0,"menu_order":0,"comment_status":"closed","ping_status":"closed","template":"elementor_header_footer","meta":[],"_links":{"self":[{"href":"https:\/\/lmfv-ag.de\/index.php?rest_route=\/wp\/v2\/pages\/378"}],"collection":[{"href":"https:\/\/lmfv-ag.de\/index.php?rest_route=\/wp\/v2\/pages"}],"about":[{"href":"https:\/\/lmfv-ag.de\/index.php?rest_route=\/wp\/v2\/types\/page"}],"author":[{"embeddable":true,"href":"https:\/\/lmfv-ag.de\/index.php?rest_route=\/wp\/v2\/users\/1"}],"replies":[{"embeddable":true,"href":"https:\/\/lmfv-ag.de\/index.php?rest_route=%2Fwp%2Fv2%2Fcomments&post=378"}],"version-history":[{"count":26,"href":"https:\/\/lmfv-ag.de\/index.php?rest_route=\/wp\/v2\/pages\/378\/revisions"}],"predecessor-version":[{"id":548,"href":"https:\/\/lmfv-ag.de\/index.php?rest_route=\/wp\/v2\/pages\/378\/revisions\/548"}],"wp:attachment":[{"href":"https:\/\/lmfv-ag.de\/index.php?rest_route=%2Fwp%2Fv2%2Fmedia&parent=378"}],"curies":[{"name":"wp","href":"https:\/\/api.w.org\/{rel}","templated":true}]}}