{"id":33,"date":"2018-02-15T20:17:28","date_gmt":"2018-02-15T19:17:28","guid":{"rendered":"https:\/\/lmfv-ag.de\/?page_id=33"},"modified":"2021-12-27T12:56:07","modified_gmt":"2021-12-27T11:56:07","slug":"datenschutz","status":"publish","type":"page","link":"https:\/\/lmfv-ag.de\/?page_id=33","title":{"rendered":"Datenschutz"},"content":{"rendered":"\t\t<div data-elementor-type=\"wp-page\" data-elementor-id=\"33\" class=\"elementor elementor-33\" data-elementor-settings=\"[]\">\n\t\t\t\t\t\t\t<div class=\"elementor-section-wrap\">\n\t\t\t\t\t\t\t<section class=\"elementor-section elementor-top-section elementor-element elementor-element-cb8446a elementor-section-boxed elementor-section-height-default elementor-section-height-default\" data-id=\"cb8446a\" data-element_type=\"section\">\n\t\t\t\t\t\t<div class=\"elementor-container elementor-column-gap-default\">\n\t\t\t\t\t<div class=\"elementor-column elementor-col-100 elementor-top-column elementor-element elementor-element-6fdb571\" data-id=\"6fdb571\" data-element_type=\"column\">\n\t\t\t<div class=\"elementor-widget-wrap elementor-element-populated\">\n\t\t\t\t\t\t\t\t<div class=\"elementor-element elementor-element-94ac069 elementor-widget elementor-widget-heading\" data-id=\"94ac069\" data-element_type=\"widget\" data-widget_type=\"heading.default\">\n\t\t\t\t<div class=\"elementor-widget-container\">\n\t\t\t<style>\/*! elementor - v3.5.3 - 28-12-2021 *\/\n.elementor-heading-title{padding:0;margin:0;line-height:1}.elementor-widget-heading .elementor-heading-title[class*=elementor-size-]>a{color:inherit;font-size:inherit;line-height:inherit}.elementor-widget-heading .elementor-heading-title.elementor-size-small{font-size:15px}.elementor-widget-heading .elementor-heading-title.elementor-size-medium{font-size:19px}.elementor-widget-heading .elementor-heading-title.elementor-size-large{font-size:29px}.elementor-widget-heading .elementor-heading-title.elementor-size-xl{font-size:39px}.elementor-widget-heading .elementor-heading-title.elementor-size-xxl{font-size:59px}<\/style><h2 class=\"elementor-heading-title elementor-size-default\">Datenschutzerkl\u00e4rung<\/h2>\t\t<\/div>\n\t\t\t\t<\/div>\n\t\t\t\t\t<\/div>\n\t\t<\/div>\n\t\t\t\t\t\t\t<\/div>\n\t\t<\/section>\n\t\t\t\t<section class=\"elementor-section elementor-top-section elementor-element elementor-element-740f6646 elementor-section-boxed elementor-section-height-default elementor-section-height-default\" data-id=\"740f6646\" data-element_type=\"section\">\n\t\t\t\t\t\t<div class=\"elementor-container elementor-column-gap-default\">\n\t\t\t\t\t<div class=\"elementor-column elementor-col-100 elementor-top-column elementor-element elementor-element-1c94529\" data-id=\"1c94529\" data-element_type=\"column\">\n\t\t\t<div class=\"elementor-widget-wrap elementor-element-populated\">\n\t\t\t\t\t\t\t\t<div class=\"elementor-element elementor-element-1db6d188 elementor-widget elementor-widget-text-editor\" data-id=\"1db6d188\" data-element_type=\"widget\" data-widget_type=\"text-editor.default\">\n\t\t\t\t<div class=\"elementor-widget-container\">\n\t\t\t<style>\/*! elementor - v3.5.3 - 28-12-2021 *\/\n.elementor-widget-text-editor.elementor-drop-cap-view-stacked .elementor-drop-cap{background-color:#818a91;color:#fff}.elementor-widget-text-editor.elementor-drop-cap-view-framed .elementor-drop-cap{color:#818a91;border:3px solid;background-color:transparent}.elementor-widget-text-editor:not(.elementor-drop-cap-view-default) .elementor-drop-cap{margin-top:8px}.elementor-widget-text-editor:not(.elementor-drop-cap-view-default) .elementor-drop-cap-letter{width:1em;height:1em}.elementor-widget-text-editor .elementor-drop-cap{float:left;text-align:center;line-height:1;font-size:50px}.elementor-widget-text-editor .elementor-drop-cap-letter{display:inline-block}<\/style>\t\t\t\t<p><strong><br><\/strong><\/p>\n<p>Wir freuen uns \u00fcber Ihren Besuch auf unserer Internetseite www.lmfv-ag.de und Ihr Interesse an unserem Verein. Der Schutz Ihrer personenbezogenen Daten ist uns ein wichtiges Anliegen. Personenbezogene Daten sind Informationen \u00fcber pers\u00f6nliche oder sachliche Verh\u00e4ltnisse einer bestimmten oder bestimmbaren nat\u00fcrlichen Person. Darunter fallen z.B. der b\u00fcrgerliche Name, die Anschrift, die Telefonnummer und das Geburtsdatum, aber auch alle anderen Daten, die auf eine bestimmbare Person bezogen werden k\u00f6nnen.<br>Da personenbezogene Daten besonderen gesetzlichen Schutz genie\u00dfen, werden sie bei uns nur im soweit dies f\u00fcr die Bereitstellung unserer Internetseite und die Erbringung unserer Leistung erforderlich ist erhoben. Nachfolgend stellen wir dar, welche personenbezogenen Informationen wir w\u00e4hrend Ihres Besuches auf unserer Internetseite erfassen und wie wir diese nutzen.<br>Unsere Datenschutzpraxis steht im Einklang mit den gesetzlichen Regelungen, insbesondere denen des Bundesdatenschutzgesetzes (BDSG), des Telemediengesetzes (TMG) und der Datenschutzgrundverordnung der EU (DSGVO). Wir werden Ihre personenbezogenen Daten ausschlie\u00dflich erheben, verarbeiten und speichern, soweit dies zur funktionsf\u00e4higen Bereitstellung dieser Internetseite und unserer Inhalte und Leistungen erforderlich ist, sowie zur Bearbeitung von Anfragen und ggf. zur Abwicklung von Bestellungen \/ Vertr\u00e4gen, dies jeweils aber nur, soweit hierf\u00fcr ein berechtigtes Interesse i.S.d. Art. 6 Abs. 1 S.1 lit. f DSGVO oder ein sonstiger Erlaubnistatbestand besteht. Nur wenn Sie zuvor Ihre Einwilligung gesondert erteilt haben, erfolgt eine Nutzung Ihrer Daten auch f\u00fcr weitergehende, in der Einwilligung genau bestimmte Zwecke, z.B. f\u00fcr die \u00dcbersendung von werblichen Informationen per Newsletter.<\/p>\n<ol>\n<li><b> Verantwortlicher <\/b><b>i.S.d<\/b><b>. Art. 4 Abs. 7 DSGVO<\/b><\/li>\n<\/ol>\n<p>Verantwortlicher im Sinne der DSGVO und anderer nationaler Datenschutzgesetze der Mitgliedsstaaten sowie sonstiger datenschutzrechtlicher Bestimmungen ist:<\/p>\n<p>AG der Landes-Motorsport-Fachverb\u00e4nde<\/p>\n<p>Email: info@lmfv-ag.de<\/p>\n<p>Name und Kontaktdaten des Datenschutzbeauftragten:<\/p>\n<p>Walter Hornung<br>Habichtsweg 7<br>53819 Neunkirchen-Seelscheid<\/p>\n<p>Kontakt:<\/p>\n<p>Telefon: 02247\/916759<br>E-Mail: walter.hornung@nrh.adac.de<\/p>\n<ol start=\"2\">\n<li><b> Bereitstellung der Website und Erstellung von Logfiles<\/b><\/li>\n<\/ol>\n<p>Bei jedem Aufruf unserer Internetseite erfasst unser System automatisiert Daten und Informationen des Computersystems des aufrufenden Rechners. Folgende Daten werden hierbei erhoben:<\/p>\n<p><b>Umfang der Verarbeitung der Daten<\/b><\/p>\n<p>(1) Informationen \u00fcber den Browsertyp und die verwendete Version<br>(2) Das Betriebssystem des Abrufger\u00e4tes<br>(3) Die IP-Adresse des Abrufger\u00e4tes<br>(4) Datum und Uhrzeit des Zugriffs<br>(5) Websites und Ressourcen (Bilder, Dateien, weitere Seiteninhalte), die auf unserer Internetseite aufgerufen wurden.<br>(6) Websites, von denen das System des Nutzers auf unsere Internetseite gelangte (Referrer-Tracking)<\/p>\n<p>Diese Daten werden in den Logfiles unseres Systems gespeichert. Eine Speicherung dieser Daten zusammen mit personenbezogenen Daten eines konkreten Nutzers findet nicht statt, so dass eine Identifizierung einzelner Seitenbesucher nicht erfolgt.<\/p>\n<ul>\n<li><b>Rechtsgrundlage f\u00fcr die Verarbeitung personenbezogener Daten<\/b><\/li>\n<li>Art. 6 Abs.1 lit.f DSGVO (berechtigtes Interesse). Unser berechtigtes Interesse besteht darin, die Erreichung des nachfolgend geschilderten Zwecks zu gew\u00e4hrleisten.<\/li>\n<li><b>Zweck der Datenverarbeitung<\/b><\/li>\n<li>Das Logging erfolgt zur Erhaltung der Kompatibilit\u00e4t unsere Internetseite f\u00fcr m\u00f6glichst alle Besucher und zur Missbrauchsbek\u00e4mpfung und St\u00f6rungsbeseitigung. Hierf\u00fcr ist es notwendig, die technischen Daten des abrufenden Rechners zu loggen, um so fr\u00fchestm\u00f6glich auf Darstellungsfehler, Angriffe auf unsere IT-Systeme und\/oder Fehler der Funktionalit\u00e4t unserer Internetseite reagieren zu k\u00f6nnen. Zudem dienen uns die Daten zur Optimierung der Website und zur generellen Sicherstellung der Sicherheit unserer informationstechnischen Systeme.<\/li>\n<li><b>Dauer der Speicherung<\/b><\/li>\n<li>Die L\u00f6schung der vorgenannten technischen Daten erfolgt, sobald sie nicht mehr ben\u00f6tigt werden, um die Kompatibilit\u00e4t der Internetseite f\u00fcr alle Besucher zu gew\u00e4hrleisten, sp\u00e4testens aber 3 Monate nach Abruf unserer Internetseite.<\/li>\n<li><b>Widerspruchs- und Beseitigungsm\u00f6glichkeit<\/b><\/li>\n<li>Die Widerspruchs- und Beseitigungsm\u00f6glichkeiten richten sich nach den nachfolgend in dieser Datenschutzerkl\u00e4rung geschilderten generellen Regelungen zum datenschutzrechtlichen Widerspruchsrecht und L\u00f6schungsanspruch.<\/li>\n<\/ul>\n<ol start=\"3\">\n<li><b> Besondere Funktionen der Internetseite<\/b><\/li>\n<\/ol>\n<p>Unsere Seite bietet Ihnen verschiedene Funktionen, bei deren Nutzung von uns personenbezogene Daten erhoben, verarbeitet und gespeichert werden. Nachfolgend erkl\u00e4ren wir, was mit diesen Daten geschieht:<\/p>\n<ul>\n<li><b>LOGIN-BEREICH:<\/b><\/li>\n<li><b>Umfang der Verarbeitung personenbezogener Daten<\/b><\/li>\n<li>Die von Ihnen bei uns eingegebenen Registrierungs- und Login-Daten.<\/li>\n<li><b>Rechtsgrundlage f\u00fcr die Verarbeitung personenbezogener Daten<\/b><\/li>\n<li>Art. 6 Abs.1 lit.a DSGVO (stillschweigende Einwilligung)<\/li>\n<li><b>Zweck der Datenverarbeitung<\/b><\/li>\n<li>Sie haben auf unserer Internetseite die M\u00f6glichkeit einen separaten Login-Bereich zu nutzen. Falls Sie Ihr Passwort oder Ihren Benutzernamen f\u00fcr diesen Bereich vergessen haben sollten, besteht die M\u00f6glichkeit sich diese Daten nach vorheriger Eingabe Ihrer Kontaktdaten (E-Mail-Adresse) erneut zusenden zu lassen. Die im Rahmen der Nutzung des Login-Bereiches anfallenden Nutzungsdaten werden von uns nur zur Missbrauchsbek\u00e4mpfung und St\u00f6rungsbeseitigung bzw. zur Aufrechterhaltung der Funktionalit\u00e4t erhoben, gespeichert und verarbeitet. Eine Verwendung zu anderen Zwecken oder eine Datenweitergabe an Dritte erfolgt nicht.<\/li>\n<li><b>Dauer der Speicherung<\/b><\/li>\n<li>Die Daten, die im Rahmen der Funktion \u201aBenutzernamen bzw. Passwort vergessen\u2018 erhoben werden, werden nur f\u00fcr die erneute Zusendung von vergessenen Zugangsdaten genutzt.<\/li>\n<li><b>Widerspruchs- und Beseitigungsm\u00f6glichkeit<\/b><\/li>\n<li>Die Widerspruchs- und Beseitigungsm\u00f6glichkeiten richten sich nach den nachfolgend in dieser Datenschutzerkl\u00e4rung geschilderten generellen Regelungen zum datenschutzrechtlichen Widerspruchsrecht und L\u00f6schungsanspruch.<\/li>\n<\/ul>\n<ol start=\"4\">\n<li><b> Einbindung externer Webservices und Verarbeitung von Daten au\u00dferhalb der EU<\/b><\/li>\n<\/ol>\n<p>Auf unserer Internetseite verwenden wir aktive Java-Script-Inhalte von externen Anbietern, sog. Webservices. Durch Aufruf unserer Internetseite erhalten diese externen Anbieter ggf. personenbezogene Informationen \u00fcber Ihren Besuch auf unserer Internetseite. Hierbei ist ggf. eine Verarbeitung von Daten au\u00dferhalb der EU m\u00f6glich. Sie k\u00f6nnen dies verhindern, indem Sie einen Java-Script-Blocker wie z.B. das Browser-Plug-In \u201aNoScript\u2018 installieren (<a href=\"http:\/\/www.noscript.net\/\">www.noscript.net<\/a>&nbsp;) oder Java-Script in Ihrem Browser deaktivieren. Hierdurch kann es zu Funktionseinschr\u00e4nkungen auf Internetseiten kommen, die Sie besuchen.<br>Wir verwenden folgende externe Webservices:<\/p>\n<ul>\n<li><b>GOOGLE<\/b><\/li>\n<li>Auf unserer Webseite wird ein Webservice des Unternehmens Google LLC, 1600 Amphitheatre Parkway, 94043 Mountain View (nachfolgend: Google) nachgeladen. Wir nutzen diese Daten, um die volle Funktionalit\u00e4t unserer Webseite zu gew\u00e4hrleisten. In diesem Zusammenhang wird Ihr Browser ggf. personenbezogene Daten an Google \u00fcbermitteln. Rechtsgrundlage f\u00fcr die Datenverarbeitung ist Art. 6 Abs.1 lit. f DSGVO. Das berechtigte Interesse besteht in einer fehlerfreien Funktion der Internetseite. Google hat sich im Rahmen des EU-US-Privacy-Shield-Abkommens selbst zertifiziert (vgl.&nbsp;<a href=\"https:\/\/www.privacyshield.gov\/list\">https:\/\/www.privacyshield.gov\/list<\/a>). Die L\u00f6schung der Daten erfolgt, sobald der Zweck ihrer Erhebung erf\u00fcllt wurde. Weitere Informationen zum Handling der \u00fcbertragenen Daten finden Sie in der Datenschutzerkl\u00e4rung von Google:&nbsp;<a href=\"https:\/\/www.google.com\/intl\/de\/policies\/privacy\/\">https:\/\/www.google.com\/intl\/de\/policies\/privacy\/<\/a>. Sie k\u00f6nnen die Erfassung sowie die Verarbeitung Ihrer Daten durch Google verhindern, indem Sie die Ausf\u00fchrung von Script-Code in Ihrem Browser deaktivieren oder einen Script-Blocker in Ihrem Browser installieren (diesen finden Sie z.B. unter&nbsp;<a href=\"http:\/\/www.noscript.net\/\">www.noscript.net<\/a>&nbsp;oder&nbsp;<a href=\"http:\/\/www.ghostery.com\/\">www.ghostery.com<\/a>&nbsp;).<\/li>\n<li><b>GOOGLE-APIS<\/b><\/li>\n<li>Auf unserer Webseite wird ein Webservice des Unternehmens Google LLC, 1600 Amphitheatre Parkway, 94043 Mountain View (nachfolgend: Google-Apis) nachgeladen. Wir nutzen diese Daten, um die volle Funktionalit\u00e4t unserer Webseite zu gew\u00e4hrleisten. In diesem Zusammenhang wird Ihr Browser ggf. personenbezogene Daten an Google-Apis \u00fcbermitteln. Rechtsgrundlage f\u00fcr die Datenverarbeitung ist Art. 6 Abs.1 lit. f DSGVO. Das berechtigte Interesse besteht in einer fehlerfreien Funktion der Internetseite. Google-Apis hat sich im Rahmen des EU-US-Privacy-Shield-Abkommens selbst zertifiziert (vgl.&nbsp;<a href=\"https:\/\/www.privacyshield.gov\/list\">https:\/\/www.privacyshield.gov\/list<\/a>). Die L\u00f6schung der Daten erfolgt, sobald der Zweck ihrer Erhebung erf\u00fcllt wurde. Weitere Informationen zum Handling der \u00fcbertragenen Daten finden Sie in der Datenschutzerkl\u00e4rung von Google-Apis:&nbsp;<a href=\"https:\/\/www.google.com\/intl\/de\/policies\/privacy\/\">https:\/\/www.google.com\/intl\/de\/policies\/privacy\/<\/a>. Sie k\u00f6nnen die Erfassung sowie die Verarbeitung Ihrer Daten durch Google-Apis verhindern, indem Sie die Ausf\u00fchrung von Script-Code in Ihrem Browser deaktivieren oder einen Script-Blocker in Ihrem Browser installieren (diesen finden Sie z.B. unter&nbsp;<a href=\"http:\/\/www.noscript.net\/\">www.noscript.net<\/a>&nbsp;oder&nbsp;<a href=\"http:\/\/www.ghostery.com\/\">www.ghostery.com<\/a>&nbsp;).<\/li>\n<\/ul>\n<ol start=\"5\">\n<li><b> Datensicherheit und Datenschutz, Kommunikation per E-Mail<\/b><\/li>\n<\/ol>\n<p>Ihre personenbezogenen Daten werden durch technische und organisatorische Ma\u00dfnahmen so bei der Erhebung, Speicherung und Verarbeitung gesch\u00fctzt, dass sie f\u00fcr Dritte nicht zug\u00e4nglich sind. Bei einer unverschl\u00fcsselten Kommunikation per E-Mail kann die vollst\u00e4ndige Datensicherheit auf dem \u00dcbertragungsweg zu unseren IT-Systemen von uns nicht gew\u00e4hrleistet werden, sodass wir bei Informationen mit hohem Geheimhaltungsbed\u00fcrfnis eine verschl\u00fcsselte Kommunikation oder den Postweg empfehlen.<\/p>\n<ol start=\"6\">\n<li><b> Widerruf von Einwilligungen \u2013 Datenausk\u00fcnfte und \u00c4nderungsw\u00fcnsche \u2013 L\u00f6schung &amp; Sperrung von Daten<\/b><\/li>\n<\/ol>\n<p>Nach dem Bundesdatenschutzgesetz haben Sie ein Recht auf unentgeltliche Auskunft \u00fcber Ihre gespeicherten Daten sowie ggf. ein Recht auf Berichtigung, Sperrung oder L\u00f6schung dieser Daten. Ihre Daten werden dann gel\u00f6scht, falls dem nicht gesetzliche Regelungen entgegenstehen. Sie k\u00f6nnen eine uns erteilte Erlaubnis, Ihre pers\u00f6nlichen Daten zu nutzen, jederzeit widerrufen. Auskunfts-, L\u00f6schungs- und Berichtigungsw\u00fcnsche zu Ihren Daten und gerne auch Anregungen k\u00f6nnen Sie jederzeit an folgende Adresse senden:<\/p>\n<p>AG der Landes-Motorsport-Fachverb\u00e4nde<\/p>\n<p>Email: info@lmfv-ag.de<\/p>\n<p>Name und Kontaktdaten des Datenschutzbeauftragten:<\/p>\n<p>Walter Hornung<br>Habichtsweg 7<br>53819 Neunkirchen-Seelscheid<\/p>\n<p>Kontakt:<\/p>\n<p>Telefon: 02247\/916759<br>E-Mail: walter.hornung@nrh.adac.de<\/p>\n<p><\/p>\n<ol start=\"7\">\n<li><b> Beschwerderecht bei der Aufsichtsbeh\u00f6rde gem. Art. 77 I DSGVO<\/b><\/li>\n<\/ol>\n<p>Sofern Sie den Verdacht haben, dass auf unserer Seite Ihre Daten rechtswidrig verarbeitet werden, k\u00f6nnen Sie selbstverst\u00e4ndlich jederzeit eine gerichtliche Kl\u00e4rung der Problematik herbeif\u00fchren. Unabh\u00e4ngig davon steht Ihnen die M\u00f6glichkeit zur Verf\u00fcgung, sich an eine Aufsichtsbeh\u00f6rde zu wenden. Das Beschwerderecht steht Ihnen in dem EU-Mitgliedstaat Ihres Aufenthaltsortes, Ihres Arbeitsplatzes und\/oder des Orts des vermeintlichen Versto\u00dfes zu, d.h. Sie k\u00f6nnen die Aufsichtsbeh\u00f6rde, an die Sie sich wenden, an den oben genannten Orten w\u00e4hlen. Die Aufsichtsbeh\u00f6rde, bei der die Beschwerde eingereicht wurde, unterrichtet Sie dann \u00fcber den Stand und die Ergebnisse Ihrer Eingabe, einschlie\u00dflich der M\u00f6glichkeit eines gerichtlichen Rechtsbehelfs nach Art. 78 DSGVO.<\/p>\t\t\t\t\t\t<\/div>\n\t\t\t\t<\/div>\n\t\t\t\t\t<\/div>\n\t\t<\/div>\n\t\t\t\t\t\t\t<\/div>\n\t\t<\/section>\n\t\t\t\t\t\t<\/div>\n\t\t\t\t\t<\/div>\n\t\t","protected":false},"excerpt":{"rendered":"<p>Datenschutzerkl\u00e4rung Wir freuen uns \u00fcber Ihren Besuch auf unserer Internetseite www.lmfv-ag.de und Ihr Interesse an unserem Verein. Der Schutz Ihrer personenbezogenen Daten ist uns ein wichtiges Anliegen. Personenbezogene Daten sind Informationen \u00fcber pers\u00f6nliche oder sachliche Verh\u00e4ltnisse einer bestimmten oder bestimmbaren nat\u00fcrlichen Person. Darunter fallen z.B. der b\u00fcrgerliche Name, die Anschrift, die Telefonnummer und das Geburtsdatum, &hellip; <\/p>\n<p class=\"link-more\"><a href=\"https:\/\/lmfv-ag.de\/?page_id=33\" class=\"more-link\"><span class=\"screen-reader-text\">\u201eDatenschutz\u201c<\/span> weiterlesen<\/a><\/p>\n","protected":false},"author":1,"featured_media":0,"parent":0,"menu_order":0,"comment_status":"closed","ping_status":"closed","template":"elementor_header_footer","meta":[],"_links":{"self":[{"href":"https:\/\/lmfv-ag.de\/index.php?rest_route=\/wp\/v2\/pages\/33"}],"collection":[{"href":"https:\/\/lmfv-ag.de\/index.php?rest_route=\/wp\/v2\/pages"}],"about":[{"href":"https:\/\/lmfv-ag.de\/index.php?rest_route=\/wp\/v2\/types\/page"}],"author":[{"embeddable":true,"href":"https:\/\/lmfv-ag.de\/index.php?rest_route=\/wp\/v2\/users\/1"}],"replies":[{"embeddable":true,"href":"https:\/\/lmfv-ag.de\/index.php?rest_route=%2Fwp%2Fv2%2Fcomments&post=33"}],"version-history":[{"count":21,"href":"https:\/\/lmfv-ag.de\/index.php?rest_route=\/wp\/v2\/pages\/33\/revisions"}],"predecessor-version":[{"id":593,"href":"https:\/\/lmfv-ag.de\/index.php?rest_route=\/wp\/v2\/pages\/33\/revisions\/593"}],"wp:attachment":[{"href":"https:\/\/lmfv-ag.de\/index.php?rest_route=%2Fwp%2Fv2%2Fmedia&parent=33"}],"curies":[{"name":"wp","href":"https:\/\/api.w.org\/{rel}","templated":true}]}}